{"id":3293,"date":"2025-07-19T14:53:52","date_gmt":"2025-07-19T12:53:52","guid":{"rendered":"https:\/\/ravamarkt.com\/en\/product\/designer-glastasse-mit-henkel-fur-heis-und-kaltgetranke-transparent-450-ml\/"},"modified":"2026-01-14T16:46:27","modified_gmt":"2026-01-14T15:46:27","slug":"designer-glastasse-mit-henkel-fur-heis-und-kaltgetranke-transparent-450-ml","status":"publish","type":"product","link":"https:\/\/ravamarkt.com\/de\/product\/designer-glastasse-mit-henkel-fur-heis-und-kaltgetranke-transparent-450-ml\/","title":{"rendered":"Designer-Glastasse mit Henkel f\u00fcr Hei\u00df- und Kaltgetr\u00e4nke \u2013 transparent \u2013 450 ml"},"content":{"rendered":"<p data-start=\"93\" data-end=\"446\">Diese handgefertigte Designer-Glastasse\u00a0\u00fcberzeugt mit ihrem einzigartigen, wellenf\u00f6rmigen Design und einem ergonomischen Glasgriff, der Eleganz und Komfort perfekt kombiniert. Die geschwungene Form hebt die Schichtung von Latte Macchiato, Cappuccino oder Eiskaffee stilvoll hervor und macht jedes Getr\u00e4nk zu einem visuellen Highlight.<\/p>\n<p data-start=\"448\" data-end=\"1009\">\u2728 Highlights:<br data-start=\"465\" data-end=\"468\">\u2714 Einzigartiges Wellen-Design \u2013 Stilvolle, geschwungene Form f\u00fcr eine moderne Optik<br data-start=\"555\" data-end=\"558\">\u2714 Handgefertigte Qualit\u00e4t \u2013 Hochwertiges, hitzebest\u00e4ndiges Glas f\u00fcr langlebigen Genuss<br data-start=\"648\" data-end=\"651\">\u2714 Gro\u00dfer, ergonomischer Griff \u2013 F\u00fcr eine angenehme Handhabung &amp; besten Trinkkomfort<br data-start=\"738\" data-end=\"741\">\u2714 Perfekt f\u00fcr Kaffee &amp; mehr \u2013 Ideal f\u00fcr Latte Macchiato, Cappuccino, Eistee oder hei\u00dfe Schokolade<br data-start=\"842\" data-end=\"845\">\u2714 Leicht &amp; langlebig \u2013 Robustes, dennoch leichtes Glas f\u00fcr den t\u00e4glichen Gebrauch<br data-start=\"930\" data-end=\"933\">\u2714 Perfektes Geschenk \u2013 Ein Must-Have f\u00fcr Kaffeeliebhaber &amp; Design-Fans<\/p>\n<p data-start=\"1011\" data-end=\"1151\">Diese exklusive Glas-Tasse verbindet modernes Design mit Funktionalit\u00e4t und ist die perfekte Erg\u00e4nzung f\u00fcr jede stilvolle Kaffeepause.<\/p>\n<p data-start=\"1153\" data-end=\"1212\">\ud83d\uded2 Jetzt bestellen &amp; stilvollen Kaffeegenuss erleben!<\/p>\n\n    <div class=\"xs_social_share_widget xs_share_url after_content \t\tmain_content  wslu-style-1 wslu-share-box-shaped wslu-fill-colored wslu-none wslu-share-horizontal wslu-theme-font-no wslu-main_content\">\n\n\t\t\n        <ul>\n\t\t\t        <\/ul>\n    <\/div>","protected":false},"excerpt":{"rendered":"<p>Diese handgefertigte Designer-Glastasse\u00a0\u00fcberzeugt mit ihrem einzigartigen, wellenf\u00f6rmigen Design und einem ergonomischen Glasgriff, der Eleganz und Komfort perfekt kombiniert. Die geschwungene Form hebt die Schichtung von Latte Macchiato, Cappuccino oder Eiskaffee stilvoll hervor und macht jedes Getr\u00e4nk zu einem visuellen Highlight. \u2728 Highlights:\u2714 Einzigartiges Wellen-Design \u2013 Stilvolle, geschwungene Form f\u00fcr eine moderne Optik\u2714 Handgefertigte Qualit\u00e4t \u2013 [&hellip;]<\/p>","protected":false},"featured_media":3304,"comment_status":"open","ping_status":"closed","template":"","meta":{"postBodyCss":"","postBodyMargin":[],"postBodyPadding":[],"postBodyBackground":{"backgroundType":"classic","gradient":""}},"product_brand":[],"product_cat":[15,47,31,33,50],"product_tag":[116,115],"class_list":{"0":"post-3293","1":"product","2":"type-product","3":"status-publish","4":"has-post-thumbnail","6":"product_cat-uncategorized","7":"product_cat-gifts-lifestyle","8":"product_cat-home-living","9":"product_cat-kitchen-dining","10":"product_cat-personalized-gifts","11":"product_tag-cotiq","12":"product_tag-kaffeebecher","14":"first","15":"instock","16":"taxable","17":"shipping-taxable","18":"purchasable","19":"product-type-simple"},"_links":{"self":[{"href":"https:\/\/ravamarkt.com\/de\/wp-json\/wp\/v2\/product\/3293","targetHints":{"allow":["GET"]}}],"collection":[{"href":"https:\/\/ravamarkt.com\/de\/wp-json\/wp\/v2\/product"}],"about":[{"href":"https:\/\/ravamarkt.com\/de\/wp-json\/wp\/v2\/types\/product"}],"replies":[{"embeddable":true,"href":"https:\/\/ravamarkt.com\/de\/wp-json\/wp\/v2\/comments?post=3293"}],"wp:featuredmedia":[{"embeddable":true,"href":"https:\/\/ravamarkt.com\/de\/wp-json\/wp\/v2\/media\/3304"}],"wp:attachment":[{"href":"https:\/\/ravamarkt.com\/de\/wp-json\/wp\/v2\/media?parent=3293"}],"wp:term":[{"taxonomy":"product_brand","embeddable":true,"href":"https:\/\/ravamarkt.com\/de\/wp-json\/wp\/v2\/product_brand?post=3293"},{"taxonomy":"product_cat","embeddable":true,"href":"https:\/\/ravamarkt.com\/de\/wp-json\/wp\/v2\/product_cat?post=3293"},{"taxonomy":"product_tag","embeddable":true,"href":"https:\/\/ravamarkt.com\/de\/wp-json\/wp\/v2\/product_tag?post=3293"}],"curies":[{"name":"wp","href":"https:\/\/api.w.org\/{rel}","templated":true}]}}