{"id":3294,"date":"2025-07-19T14:53:52","date_gmt":"2025-07-19T12:53:52","guid":{"rendered":"https:\/\/ravamarkt.com\/en\/product\/keramiktasse-mit-perlenhenkel-geschwungenes-design-beige-250-ml\/"},"modified":"2025-08-25T16:26:51","modified_gmt":"2025-08-25T14:26:51","slug":"keramiktasse-mit-perlenhenkel-geschwungenes-design-beige-250-ml","status":"publish","type":"product","link":"https:\/\/ravamarkt.com\/en\/product\/keramiktasse-mit-perlenhenkel-geschwungenes-design-beige-250-ml\/","title":{"rendered":"Keramiktasse mit Perlenhenkel \u2013 Geschwungenes Design \u2013 Beige \u2013 250 ml"},"content":{"rendered":"<p data-start=\"87\" data-end=\"433\">Diese handgefertigte Designer-Keramiktasse besticht durch ihr sanft geschwungenes, organisches Design und den au\u00dfergew\u00f6hnlichen Perlenhenkel, der f\u00fcr eine elegante und verspielte Optik sorgt. Die matte Cremefarbe unterstreicht den minimalistischen Stil und macht die Tasse zu einem perfekten Begleiter f\u00fcr Kaffee- und Teegenuss.<\/p>\n<p data-start=\"435\" data-end=\"837\">\u2728 Highlights:<br data-start=\"452\" data-end=\"455\">\u2714 Einzigartiges Design \u2013 Geschwungene Form mit stilvollem Perlenhenkel<br data-start=\"529\" data-end=\"532\">\u2714 Handgefertigte Qualit\u00e4t \u2013 Jede Tasse ist ein kunstvoll gefertigtes Unikat<br data-start=\"611\" data-end=\"614\">\u2714 Mattes Finish in Creme \u2013 Zeitlose Eleganz f\u00fcr moderne Tischkultur<br data-start=\"685\" data-end=\"688\">\u2714 Angenehme Haptik \u2013 Ergonomische Form f\u00fcr ein komfortables Trinkgef\u00fchl<br data-start=\"763\" data-end=\"766\">\u2714 Perfektes Geschenk \u2013 Ideal f\u00fcr Designliebhaber &amp; Kaffeegenie\u00dfer<\/p>\n<p data-start=\"839\" data-end=\"1003\">Ob f\u00fcr den Morgenkaffee oder als stilvolles Accessoire f\u00fcr dein Zuhause \u2013 diese Keramiktasse vereint \u00c4sthetik, Komfort und Handwerkskunst auf h\u00f6chstem Niveau.<\/p>\n<p data-start=\"1005\" data-end=\"1064\">\ud83d\uded2 Jetzt bestellen &amp; stilvollen Kaffeegenuss erleben!<\/p>\n\n    <div class=\"xs_social_share_widget xs_share_url after_content \t\tmain_content  wslu-style-1 wslu-share-box-shaped wslu-fill-colored wslu-none wslu-share-horizontal wslu-theme-font-no wslu-main_content\">\n\n\t\t\n        <ul>\n\t\t\t        <\/ul>\n    <\/div> \n","protected":false},"excerpt":{"rendered":"<p>Diese handgefertigte Designer-Keramiktasse besticht durch ihr sanft geschwungenes, organisches Design und den au\u00dfergew\u00f6hnlichen Perlenhenkel, der f\u00fcr eine elegante und verspielte Optik sorgt. Die matte Cremefarbe unterstreicht den minimalistischen Stil und macht die Tasse zu einem perfekten Begleiter f\u00fcr Kaffee- und Teegenuss. \u2728 Highlights:\u2714 Einzigartiges Design \u2013 Geschwungene Form mit stilvollem Perlenhenkel\u2714 Handgefertigte Qualit\u00e4t \u2013 Jede [&hellip;]<\/p>\n","protected":false},"featured_media":3307,"comment_status":"open","ping_status":"closed","template":"","meta":{"postBodyCss":"","postBodyMargin":[],"postBodyPadding":[],"postBodyBackground":{"backgroundType":"classic","gradient":""}},"product_brand":[],"product_cat":[15,47,31,33,50],"product_tag":[116,115],"class_list":{"0":"post-3294","1":"product","2":"type-product","3":"status-publish","4":"has-post-thumbnail","6":"product_cat-uncategorized","7":"product_cat-gifts-lifestyle","8":"product_cat-home-living","9":"product_cat-kitchen-dining","10":"product_cat-personalized-gifts","11":"product_tag-cotiq","12":"product_tag-kaffeebecher","14":"first","15":"instock","16":"featured","17":"taxable","18":"shipping-taxable","19":"purchasable","20":"product-type-simple"},"_links":{"self":[{"href":"https:\/\/ravamarkt.com\/en\/wp-json\/wp\/v2\/product\/3294","targetHints":{"allow":["GET"]}}],"collection":[{"href":"https:\/\/ravamarkt.com\/en\/wp-json\/wp\/v2\/product"}],"about":[{"href":"https:\/\/ravamarkt.com\/en\/wp-json\/wp\/v2\/types\/product"}],"replies":[{"embeddable":true,"href":"https:\/\/ravamarkt.com\/en\/wp-json\/wp\/v2\/comments?post=3294"}],"wp:featuredmedia":[{"embeddable":true,"href":"https:\/\/ravamarkt.com\/en\/wp-json\/wp\/v2\/media\/3307"}],"wp:attachment":[{"href":"https:\/\/ravamarkt.com\/en\/wp-json\/wp\/v2\/media?parent=3294"}],"wp:term":[{"taxonomy":"product_brand","embeddable":true,"href":"https:\/\/ravamarkt.com\/en\/wp-json\/wp\/v2\/product_brand?post=3294"},{"taxonomy":"product_cat","embeddable":true,"href":"https:\/\/ravamarkt.com\/en\/wp-json\/wp\/v2\/product_cat?post=3294"},{"taxonomy":"product_tag","embeddable":true,"href":"https:\/\/ravamarkt.com\/en\/wp-json\/wp\/v2\/product_tag?post=3294"}],"curies":[{"name":"wp","href":"https:\/\/api.w.org\/{rel}","templated":true}]}}